{"id":1232,"date":"2021-04-15T14:57:19","date_gmt":"2021-04-15T17:57:19","guid":{"rendered":"http:\/\/sh-pro122.teste.website\/~evendc75\/indquimica\/?post_type=product&#038;p=1232"},"modified":"2021-04-20T15:24:05","modified_gmt":"2021-04-20T18:24:05","slug":"acido-acetico-glacial-99-8","status":"publish","type":"product","link":"https:\/\/www.evend.com.br\/indquimica\/produto\/acido-acetico-glacial-99-8\/","title":{"rendered":"\u00c1cido ac\u00e9tico glacial 99.8%"},"content":{"rendered":"<h5><span style=\"color: #ff9900;\">Esse produto n\u00e3o est\u00e1 dispon\u00edvel para compra, esse \u00e9 um exemplo de como seu produto \u00e9 exibido no marketplace.<\/span><\/h5>\n<h3><strong>Grau Aliment\u00edcio, Classe industrial, Classe da medicina<\/strong><\/h3>\n<div class=\"do-entry-title\"><span class=\"attr-name J-attr-name\" title=\"Classifica\u00e7\u00e3o\">Classifica\u00e7\u00e3o: <\/span>Carboxylic Acid<\/div>\n<div class=\"do-entry-title\">CAS N \u00ba: 64-19-7<\/div>\n<div class=\"do-entry-title\">Outros Nomes: Glacial Acetic Acid<\/div>\n<div class=\"do-entry-title\">MF: CH3COOH<\/div>\n<div class=\"do-entry-title\">EINECS N \u00ba: 200-579-1<\/div>\n<div class=\"do-entry-title\">Pureza: 99.5 Min<\/div>\n<div class=\"do-entry-title\">Apar\u00eancia: Colorless Liquid<\/div>\n<div class=\"do-entry-title\">Packing: IBC Drum<\/div>\n","protected":false},"excerpt":{"rendered":"<p><img loading=\"lazy\" decoding=\"async\" class=\"alignnone size-medium wp-image-1233\" src=\"http:\/\/sh-pro122.teste.website\/~evendc75\/indquimica\/wp-content\/uploads\/sites\/8\/2021\/04\/imagem_2021-04-15_145056-300x268.png\" alt=\"\" width=\"300\" height=\"268\" srcset=\"https:\/\/www.evend.com.br\/indquimica\/wp-content\/uploads\/sites\/8\/2021\/04\/imagem_2021-04-15_145056-300x268.png 300w, https:\/\/www.evend.com.br\/indquimica\/wp-content\/uploads\/sites\/8\/2021\/04\/imagem_2021-04-15_145056-390x350.png 390w, https:\/\/www.evend.com.br\/indquimica\/wp-content\/uploads\/sites\/8\/2021\/04\/imagem_2021-04-15_145056-600x536.png 600w, https:\/\/www.evend.com.br\/indquimica\/wp-content\/uploads\/sites\/8\/2021\/04\/imagem_2021-04-15_145056.png 749w\" sizes=\"auto, (max-width: 300px) 100vw, 300px\" \/><\/p>\n","protected":false},"featured_media":1234,"comment_status":"open","ping_status":"closed","template":"","meta":[],"product_brand":[],"product_cat":[],"product_tag":[],"class_list":{"0":"post-1232","1":"product","2":"type-product","3":"status-publish","4":"has-post-thumbnail","7":"first","8":"instock","9":"shipping-taxable","10":"purchasable","11":"product-type-simple"},"_links":{"self":[{"href":"https:\/\/www.evend.com.br\/indquimica\/wp-json\/wp\/v2\/product\/1232","targetHints":{"allow":["GET"]}}],"collection":[{"href":"https:\/\/www.evend.com.br\/indquimica\/wp-json\/wp\/v2\/product"}],"about":[{"href":"https:\/\/www.evend.com.br\/indquimica\/wp-json\/wp\/v2\/types\/product"}],"replies":[{"embeddable":true,"href":"https:\/\/www.evend.com.br\/indquimica\/wp-json\/wp\/v2\/comments?post=1232"}],"wp:featuredmedia":[{"embeddable":true,"href":"https:\/\/www.evend.com.br\/indquimica\/wp-json\/wp\/v2\/media\/1234"}],"wp:attachment":[{"href":"https:\/\/www.evend.com.br\/indquimica\/wp-json\/wp\/v2\/media?parent=1232"}],"wp:term":[{"taxonomy":"product_brand","embeddable":true,"href":"https:\/\/www.evend.com.br\/indquimica\/wp-json\/wp\/v2\/product_brand?post=1232"},{"taxonomy":"product_cat","embeddable":true,"href":"https:\/\/www.evend.com.br\/indquimica\/wp-json\/wp\/v2\/product_cat?post=1232"},{"taxonomy":"product_tag","embeddable":true,"href":"https:\/\/www.evend.com.br\/indquimica\/wp-json\/wp\/v2\/product_tag?post=1232"}],"curies":[{"name":"wp","href":"https:\/\/api.w.org\/{rel}","templated":true}]}}