{"id":1238,"date":"2021-04-15T16:21:01","date_gmt":"2021-04-15T19:21:01","guid":{"rendered":"http:\/\/sh-pro122.teste.website\/~evendc75\/indquimica\/?post_type=product&#038;p=1238"},"modified":"2021-04-20T15:24:19","modified_gmt":"2021-04-20T18:24:19","slug":"acetato-de-etila-99-9","status":"publish","type":"product","link":"https:\/\/www.evend.com.br\/indquimica\/produto\/acetato-de-etila-99-9\/","title":{"rendered":"Acetato de Etila 99.9%"},"content":{"rendered":"<h5><span style=\"color: #ff9900;\">Esse produto n\u00e3o est\u00e1 dispon\u00edvel para compra, esse \u00e9 um exemplo de como seu produto \u00e9 exibido no marketplace.<\/span><\/h5>\n<dl class=\"do-entry-item\">\n<dt class=\"do-entry-item\"><span class=\"attr-name J-attr-name\" title=\"CAS N \u00ba\">CAS N \u00ba: <\/span>141-78-6<\/dt>\n<dt class=\"do-entry-item\">MF: C4H8O2<\/dt>\n<dt class=\"do-entry-item\">EINECS N \u00ba: 205-500-4<\/dt>\n<dt class=\"do-entry-item\">Classe industrial<\/dt>\n<dt class=\"do-entry-item\">Pureza: 99.9%<\/dt>\n<dt class=\"do-entry-item\">Apar\u00eancia: Incolor<\/dt>\n<dt class=\"do-entry-item\">Aplica\u00e7\u00e3o: Solvente<\/dt>\n<dt class=\"do-entry-item\">UN: 1173<\/dt>\n<\/dl>\n","protected":false},"excerpt":{"rendered":"<p>Unidade de Venda: Tonelada<\/p>\n","protected":false},"featured_media":1239,"comment_status":"open","ping_status":"closed","template":"","meta":[],"product_brand":[],"product_cat":[],"product_tag":[],"class_list":{"0":"post-1238","1":"product","2":"type-product","3":"status-publish","4":"has-post-thumbnail","7":"first","8":"instock","9":"shipping-taxable","10":"purchasable","11":"product-type-simple"},"_links":{"self":[{"href":"https:\/\/www.evend.com.br\/indquimica\/wp-json\/wp\/v2\/product\/1238","targetHints":{"allow":["GET"]}}],"collection":[{"href":"https:\/\/www.evend.com.br\/indquimica\/wp-json\/wp\/v2\/product"}],"about":[{"href":"https:\/\/www.evend.com.br\/indquimica\/wp-json\/wp\/v2\/types\/product"}],"replies":[{"embeddable":true,"href":"https:\/\/www.evend.com.br\/indquimica\/wp-json\/wp\/v2\/comments?post=1238"}],"wp:featuredmedia":[{"embeddable":true,"href":"https:\/\/www.evend.com.br\/indquimica\/wp-json\/wp\/v2\/media\/1239"}],"wp:attachment":[{"href":"https:\/\/www.evend.com.br\/indquimica\/wp-json\/wp\/v2\/media?parent=1238"}],"wp:term":[{"taxonomy":"product_brand","embeddable":true,"href":"https:\/\/www.evend.com.br\/indquimica\/wp-json\/wp\/v2\/product_brand?post=1238"},{"taxonomy":"product_cat","embeddable":true,"href":"https:\/\/www.evend.com.br\/indquimica\/wp-json\/wp\/v2\/product_cat?post=1238"},{"taxonomy":"product_tag","embeddable":true,"href":"https:\/\/www.evend.com.br\/indquimica\/wp-json\/wp\/v2\/product_tag?post=1238"}],"curies":[{"name":"wp","href":"https:\/\/api.w.org\/{rel}","templated":true}]}}