{"id":1524,"date":"2021-02-24T19:34:25","date_gmt":"2021-02-24T22:34:25","guid":{"rendered":"http:\/\/sh-pro122.teste.website\/~evendc75\/revenda\/produto\/import-placeholder-for-1229\/"},"modified":"2021-03-31T12:02:26","modified_gmt":"2021-03-31T15:02:26","slug":"flotador-flash-110-50-litros","status":"publish","type":"product","link":"https:\/\/www.evend.com.br\/revenda\/produto\/flotador-flash-110-50-litros\/","title":{"rendered":"FLOTADOR FLASH (1:10) &#8211; 50 litros"},"content":{"rendered":"<p>\u00c9 um limpador poderoso com a\u00e7\u00e3o 10 x mais potente que os multiusos convencionais. Na limpeza di\u00e1ria da sua casa pode ser aplicado em gorduras graxas pl\u00e1sticos box de banheiros azulejos rejuntes vidros toldos vinil fog\u00f5es coifas tecidos manchas em paredes todos os pisos lav\u00e1veis paredes eletrodom\u00e9sticos in\u00f3x e etc.<\/p>\n","protected":false},"excerpt":{"rendered":"<p>FlotadorLimpador Multiuso<\/p>\n","protected":false},"featured_media":1626,"comment_status":"open","ping_status":"closed","template":"","meta":[],"product_brand":[],"product_cat":[36],"product_tag":[45],"class_list":{"0":"post-1524","1":"product","2":"type-product","3":"status-publish","4":"has-post-thumbnail","6":"product_cat-produtos-de-limpeza-e-polimento","7":"product_tag-flash-2","9":"first","10":"onbackorder","11":"taxable","12":"shipping-taxable","13":"purchasable","14":"product-type-simple"},"_links":{"self":[{"href":"https:\/\/www.evend.com.br\/revenda\/wp-json\/wp\/v2\/product\/1524","targetHints":{"allow":["GET"]}}],"collection":[{"href":"https:\/\/www.evend.com.br\/revenda\/wp-json\/wp\/v2\/product"}],"about":[{"href":"https:\/\/www.evend.com.br\/revenda\/wp-json\/wp\/v2\/types\/product"}],"replies":[{"embeddable":true,"href":"https:\/\/www.evend.com.br\/revenda\/wp-json\/wp\/v2\/comments?post=1524"}],"wp:featuredmedia":[{"embeddable":true,"href":"https:\/\/www.evend.com.br\/revenda\/wp-json\/wp\/v2\/media\/1626"}],"wp:attachment":[{"href":"https:\/\/www.evend.com.br\/revenda\/wp-json\/wp\/v2\/media?parent=1524"}],"wp:term":[{"taxonomy":"product_brand","embeddable":true,"href":"https:\/\/www.evend.com.br\/revenda\/wp-json\/wp\/v2\/product_brand?post=1524"},{"taxonomy":"product_cat","embeddable":true,"href":"https:\/\/www.evend.com.br\/revenda\/wp-json\/wp\/v2\/product_cat?post=1524"},{"taxonomy":"product_tag","embeddable":true,"href":"https:\/\/www.evend.com.br\/revenda\/wp-json\/wp\/v2\/product_tag?post=1524"}],"curies":[{"name":"wp","href":"https:\/\/api.w.org\/{rel}","templated":true}]}}