{"id":1827,"date":"2023-09-16T18:04:47","date_gmt":"2023-09-16T21:04:47","guid":{"rendered":"http:\/\/sh-pro122.teste.website\/~evendc75\/revenda\/?post_type=product&#038;p=1827"},"modified":"2023-11-01T00:04:15","modified_gmt":"2023-11-01T03:04:15","slug":"flash-1-litro-caixa-com-15-unidades-frete-gratis-para-grande-sao-paulo-e-entrega-em-24-horas-copia-copia-copia-copia-copia","status":"publish","type":"product","link":"https:\/\/www.evend.com.br\/revenda\/produto\/flash-1-litro-caixa-com-15-unidades-frete-gratis-para-grande-sao-paulo-e-entrega-em-24-horas-copia-copia-copia-copia-copia\/","title":{"rendered":"Flash 1 Litro (Caixa com 15 unidades)- frete gr\u00e1tis para Grande S\u00e3o Paulo e entrega em 24 horas (c\u00f3pia) (c\u00f3pia) (c\u00f3pia) (c\u00f3pia) (c\u00f3pia)"},"content":{"rendered":"<p>Limpador desengordurante multiuso Flotador 1 Litro (Caixa com 15 unidades de 1 Litro cada)<\/p>\n","protected":false},"excerpt":{"rendered":"<p>Indica\u00e7\u00e3o: Remove ceras, riscos e sujeiras, limpa vidros, pl\u00e1sticos, lonas, limpa pisos, eletrodom\u00e9sticos, tecidos, graxas, gorduras, paredes, arm\u00e1rios, m\u00e1rmores, e granitos polidos ou seja, limpa tudo.<br \/>\nDilui\u00e7\u00e3o: Dilui\u00e7\u00e3o m\u00e1xima 1 para 10; dependendo do grau de sujeira. Diluir em \u00e1gua ou utilizar puro; ideal para uso com borrifadores.<br \/>\nInstru\u00e7\u00e3o de uso: Aplicar o produto e enxaguar com \u00e1gua. Em tecidos, deixar o produto agir e remover com pano seco ou com extratora. Em superf\u00edcies met\u00e1licas, n\u00e3o deixar o produto secar.<\/p>\n","protected":false},"featured_media":1814,"comment_status":"open","ping_status":"closed","template":"","meta":[],"product_brand":[],"product_cat":[77],"product_tag":[45,87],"class_list":{"0":"post-1827","1":"product","2":"type-product","3":"status-publish","4":"has-post-thumbnail","6":"product_cat-limpeza","7":"product_tag-flash-2","8":"product_tag-flotador-desengordurante","9":"product_shipping_class-log","11":"first","12":"instock","13":"featured","14":"taxable","15":"shipping-taxable","16":"purchasable","17":"product-type-simple"},"_links":{"self":[{"href":"https:\/\/www.evend.com.br\/revenda\/wp-json\/wp\/v2\/product\/1827","targetHints":{"allow":["GET"]}}],"collection":[{"href":"https:\/\/www.evend.com.br\/revenda\/wp-json\/wp\/v2\/product"}],"about":[{"href":"https:\/\/www.evend.com.br\/revenda\/wp-json\/wp\/v2\/types\/product"}],"replies":[{"embeddable":true,"href":"https:\/\/www.evend.com.br\/revenda\/wp-json\/wp\/v2\/comments?post=1827"}],"wp:featuredmedia":[{"embeddable":true,"href":"https:\/\/www.evend.com.br\/revenda\/wp-json\/wp\/v2\/media\/1814"}],"wp:attachment":[{"href":"https:\/\/www.evend.com.br\/revenda\/wp-json\/wp\/v2\/media?parent=1827"}],"wp:term":[{"taxonomy":"product_brand","embeddable":true,"href":"https:\/\/www.evend.com.br\/revenda\/wp-json\/wp\/v2\/product_brand?post=1827"},{"taxonomy":"product_cat","embeddable":true,"href":"https:\/\/www.evend.com.br\/revenda\/wp-json\/wp\/v2\/product_cat?post=1827"},{"taxonomy":"product_tag","embeddable":true,"href":"https:\/\/www.evend.com.br\/revenda\/wp-json\/wp\/v2\/product_tag?post=1827"}],"curies":[{"name":"wp","href":"https:\/\/api.w.org\/{rel}","templated":true}]}}