{"id":1835,"date":"2023-09-17T18:56:59","date_gmt":"2023-09-17T21:56:59","guid":{"rendered":"http:\/\/sh-pro122.teste.website\/~evendc75\/revenda\/?post_type=product&#038;p=1835"},"modified":"2026-03-09T04:02:44","modified_gmt":"2026-03-09T07:02:44","slug":"pisciblue-2kg-caixa-com-15-unidades-barrilha-leve-carbonato-de-sodio-frete-gratis-grande-sao-paulo-entrega-em-24-horas-copia-copia","status":"publish","type":"product","link":"https:\/\/www.evend.com.br\/revenda\/produto\/pisciblue-2kg-caixa-com-15-unidades-barrilha-leve-carbonato-de-sodio-frete-gratis-grande-sao-paulo-entrega-em-24-horas-copia-copia\/","title":{"rendered":"Pisciblue 2kg Caixa com 15 unidades barrilha leve carbonato de sodio frete gr\u00e1tis Grande S\u00e3o Paulo entrega em 24 horas (c\u00f3pia) (c\u00f3pia)"},"content":{"rendered":"<p>Elevador de alcalinidade para piscina.<\/p>\n<p>A\u00a0<b>barrilha<\/b>\u00a0leve, ou carbonato de s\u00f3dio, apresenta em sua f\u00f3rmula qu\u00edmica uma composi\u00e7\u00e3o que, quando adicionada \u00e0 \u00e1gua da\u00a0<b>piscina<\/b>, possibilita neutralizar os \u00edons de hidrog\u00eanio t\u00edpicos de \u00e1cidos, liberando \u00edons b\u00e1sicos.<\/p>\n<p>Considerada a melhor op\u00e7\u00e3o para ajustar o pH da piscina, a barrilha leve\u00a0\u00e9 um produto destinado para elevar o pH da \u00e1gua, \u00e9 altamente sol\u00favel e isenta de impurezas.<\/p>\n<p>&nbsp;<\/p>\n","protected":false},"excerpt":{"rendered":"<p>Indicado para ajustar a alcalinidade da \u00e1gua, impedindo que as varia\u00e7\u00f5es bruscas do pH ocorram, evitando a corros\u00e3o de equipamentos.<\/p>\n","protected":false},"featured_media":1807,"comment_status":"open","ping_status":"closed","template":"","meta":[],"product_brand":[],"product_cat":[69,72,83],"product_tag":[86],"class_list":{"0":"post-1835","1":"product","2":"type-product","3":"status-publish","4":"has-post-thumbnail","6":"product_cat-industrial","7":"product_cat-produto-quimico","8":"product_cat-tratamento-de-agua","9":"product_tag-piscina","10":"product_shipping_class-log","12":"first","13":"instock","14":"sale","15":"featured","16":"taxable","17":"shipping-taxable","18":"purchasable","19":"product-type-simple"},"_links":{"self":[{"href":"https:\/\/www.evend.com.br\/revenda\/wp-json\/wp\/v2\/product\/1835","targetHints":{"allow":["GET"]}}],"collection":[{"href":"https:\/\/www.evend.com.br\/revenda\/wp-json\/wp\/v2\/product"}],"about":[{"href":"https:\/\/www.evend.com.br\/revenda\/wp-json\/wp\/v2\/types\/product"}],"replies":[{"embeddable":true,"href":"https:\/\/www.evend.com.br\/revenda\/wp-json\/wp\/v2\/comments?post=1835"}],"wp:featuredmedia":[{"embeddable":true,"href":"https:\/\/www.evend.com.br\/revenda\/wp-json\/wp\/v2\/media\/1807"}],"wp:attachment":[{"href":"https:\/\/www.evend.com.br\/revenda\/wp-json\/wp\/v2\/media?parent=1835"}],"wp:term":[{"taxonomy":"product_brand","embeddable":true,"href":"https:\/\/www.evend.com.br\/revenda\/wp-json\/wp\/v2\/product_brand?post=1835"},{"taxonomy":"product_cat","embeddable":true,"href":"https:\/\/www.evend.com.br\/revenda\/wp-json\/wp\/v2\/product_cat?post=1835"},{"taxonomy":"product_tag","embeddable":true,"href":"https:\/\/www.evend.com.br\/revenda\/wp-json\/wp\/v2\/product_tag?post=1835"}],"curies":[{"name":"wp","href":"https:\/\/api.w.org\/{rel}","templated":true}]}}