{"id":1839,"date":"2023-09-18T13:42:48","date_gmt":"2023-09-18T16:42:48","guid":{"rendered":"http:\/\/sh-pro122.teste.website\/~evendc75\/revenda\/?post_type=product&#038;p=1839"},"modified":"2023-09-18T13:46:48","modified_gmt":"2023-09-18T16:46:48","slug":"alcalinizante-pisciblue-2kg-bicarbonato-de-sodio-caixa-com-15-unidades-e-frete-gratis-e-entrega-em-24-horas-na-grande-sao-paulo-copia-copia","status":"publish","type":"product","link":"https:\/\/www.evend.com.br\/revenda\/produto\/alcalinizante-pisciblue-2kg-bicarbonato-de-sodio-caixa-com-15-unidades-e-frete-gratis-e-entrega-em-24-horas-na-grande-sao-paulo-copia-copia\/","title":{"rendered":"Alcalinizante Pisciblue 2kg bicarbonato de s\u00f3dio Caixa com 15 unidades e Frete Gr\u00e1tis e entrega em 24 horas na Grande S\u00e3o Paulo (c\u00f3pia) (c\u00f3pia)"},"content":{"rendered":"<p>Bicarbonato de s\u00f3dio elevador de alcalinidade para piscina<\/p>\n","protected":false},"excerpt":{"rendered":"<p>Desenvolvido para elevar a alcalinidade total da \u00e1gua. A faixa ideal de alcalinidade total \u00e9 de 100 a 120 ppm. \u00c1gua com baixa alcalinidade em piscina pode causar corros\u00f5es em equipamentos met\u00e1licos e instabilidade de pH, dificultando a a\u00e7\u00e3o de produtos no tratamento da \u00e1gua.<\/p>\n","protected":false},"featured_media":1803,"comment_status":"open","ping_status":"closed","template":"","meta":[],"product_brand":[],"product_cat":[69,72,83],"product_tag":[86],"class_list":{"0":"post-1839","1":"product","2":"type-product","3":"status-publish","4":"has-post-thumbnail","6":"product_cat-industrial","7":"product_cat-produto-quimico","8":"product_cat-tratamento-de-agua","9":"product_tag-piscina","10":"product_shipping_class-log","12":"first","13":"instock","14":"sale","15":"featured","16":"taxable","17":"shipping-taxable","18":"purchasable","19":"product-type-simple"},"_links":{"self":[{"href":"https:\/\/www.evend.com.br\/revenda\/wp-json\/wp\/v2\/product\/1839","targetHints":{"allow":["GET"]}}],"collection":[{"href":"https:\/\/www.evend.com.br\/revenda\/wp-json\/wp\/v2\/product"}],"about":[{"href":"https:\/\/www.evend.com.br\/revenda\/wp-json\/wp\/v2\/types\/product"}],"replies":[{"embeddable":true,"href":"https:\/\/www.evend.com.br\/revenda\/wp-json\/wp\/v2\/comments?post=1839"}],"wp:featuredmedia":[{"embeddable":true,"href":"https:\/\/www.evend.com.br\/revenda\/wp-json\/wp\/v2\/media\/1803"}],"wp:attachment":[{"href":"https:\/\/www.evend.com.br\/revenda\/wp-json\/wp\/v2\/media?parent=1839"}],"wp:term":[{"taxonomy":"product_brand","embeddable":true,"href":"https:\/\/www.evend.com.br\/revenda\/wp-json\/wp\/v2\/product_brand?post=1839"},{"taxonomy":"product_cat","embeddable":true,"href":"https:\/\/www.evend.com.br\/revenda\/wp-json\/wp\/v2\/product_cat?post=1839"},{"taxonomy":"product_tag","embeddable":true,"href":"https:\/\/www.evend.com.br\/revenda\/wp-json\/wp\/v2\/product_tag?post=1839"}],"curies":[{"name":"wp","href":"https:\/\/api.w.org\/{rel}","templated":true}]}}