{"id":1843,"date":"2023-09-18T14:03:53","date_gmt":"2023-09-18T17:03:53","guid":{"rendered":"http:\/\/sh-pro122.teste.website\/~evendc75\/revenda\/?post_type=product&#038;p=1843"},"modified":"2023-09-18T14:08:15","modified_gmt":"2023-09-18T17:08:15","slug":"bicarbonato-de-sodio-sustentavel-multiuso-500mg-caixa-com-24-unidades-e-frete-gratis-para-a-grande-sao-paulo-e-entrega-em-24-horas","status":"publish","type":"product","link":"https:\/\/www.evend.com.br\/revenda\/produto\/bicarbonato-de-sodio-sustentavel-multiuso-500mg-caixa-com-24-unidades-e-frete-gratis-para-a-grande-sao-paulo-e-entrega-em-24-horas\/","title":{"rendered":"Bicarbonato de S\u00f3dio Sustent\u00e1vel Multiuso 500mg Caixa com 24 unidades e Frete gr\u00e1tis para a Grande S\u00e3o Paulo e entrega em 24 horas"},"content":{"rendered":"<p>Bicarbonato de s\u00f3dio Sustent\u00e1vel\u00a0 Multiuso desenvolvido para qualquer aplica\u00e7\u00e3o.<\/p>\n","protected":false},"excerpt":{"rendered":"<p>O Bicarbonato de S\u00f3dio do Tio Bonato \u00e9 um produto vers\u00e1til, desenvolvido para qualquer utilidade. Sua granulometria permite uma excelente qualidade para o uso.<\/p>\n","protected":false},"featured_media":1794,"comment_status":"open","ping_status":"closed","template":"","meta":[],"product_brand":[],"product_cat":[73,63,76,69,77,79,75,80,72,36,70,74,78,83],"product_tag":[88],"class_list":{"0":"post-1843","1":"product","2":"type-product","3":"status-publish","4":"has-post-thumbnail","6":"product_cat-agricola","7":"product_cat-produtos-bio_solucoes","8":"product_cat-cosmetico","9":"product_cat-industrial","10":"product_cat-limpeza","11":"product_cat-metalurgia","12":"product_cat-mineracao","13":"product_cat-perfumaria","14":"product_cat-produto-quimico","15":"product_cat-produtos-de-limpeza-e-polimento","16":"product_cat-racao-animal","17":"product_cat-textil","18":"product_cat-tinturaria-e-verniz","19":"product_cat-tratamento-de-agua","20":"product_tag-bicarbonato-de-sodio-sustentavel","21":"product_shipping_class-log","23":"first","24":"instock","25":"sale","26":"featured","27":"taxable","28":"shipping-taxable","29":"purchasable","30":"product-type-simple"},"_links":{"self":[{"href":"https:\/\/www.evend.com.br\/revenda\/wp-json\/wp\/v2\/product\/1843","targetHints":{"allow":["GET"]}}],"collection":[{"href":"https:\/\/www.evend.com.br\/revenda\/wp-json\/wp\/v2\/product"}],"about":[{"href":"https:\/\/www.evend.com.br\/revenda\/wp-json\/wp\/v2\/types\/product"}],"replies":[{"embeddable":true,"href":"https:\/\/www.evend.com.br\/revenda\/wp-json\/wp\/v2\/comments?post=1843"}],"wp:featuredmedia":[{"embeddable":true,"href":"https:\/\/www.evend.com.br\/revenda\/wp-json\/wp\/v2\/media\/1794"}],"wp:attachment":[{"href":"https:\/\/www.evend.com.br\/revenda\/wp-json\/wp\/v2\/media?parent=1843"}],"wp:term":[{"taxonomy":"product_brand","embeddable":true,"href":"https:\/\/www.evend.com.br\/revenda\/wp-json\/wp\/v2\/product_brand?post=1843"},{"taxonomy":"product_cat","embeddable":true,"href":"https:\/\/www.evend.com.br\/revenda\/wp-json\/wp\/v2\/product_cat?post=1843"},{"taxonomy":"product_tag","embeddable":true,"href":"https:\/\/www.evend.com.br\/revenda\/wp-json\/wp\/v2\/product_tag?post=1843"}],"curies":[{"name":"wp","href":"https:\/\/api.w.org\/{rel}","templated":true}]}}