{"id":1849,"date":"2023-09-18T15:02:29","date_gmt":"2023-09-18T18:02:29","guid":{"rendered":"http:\/\/sh-pro122.teste.website\/~evendc75\/revenda\/?post_type=product&#038;p=1849"},"modified":"2023-09-18T15:05:45","modified_gmt":"2023-09-18T18:05:45","slug":"branqueato-420g-bicarbonato-de-sodio-sustentavel-para-roupas-e-tecidos-caixa-com-24-unidades-e-frete-gratis-para-a-grande-sao-paulo-e-entrega-em-24-horas","status":"publish","type":"product","link":"https:\/\/www.evend.com.br\/revenda\/produto\/branqueato-420g-bicarbonato-de-sodio-sustentavel-para-roupas-e-tecidos-caixa-com-24-unidades-e-frete-gratis-para-a-grande-sao-paulo-e-entrega-em-24-horas\/","title":{"rendered":"Branqueato 420g Bicarbonato de s\u00f3dio Sustent\u00e1vel para roupas e tecidos Caixa com 24 unidades e frete gr\u00e1tis para a Grande S\u00e3o Paulo e entrega em 24 horas"},"content":{"rendered":"<h4>Amacia, tira manchas e odor real\u00e7ando a cor<\/h4>\n","protected":false},"excerpt":{"rendered":"<p>O Branqueato \u00e9 uma \u00f3tima maneira de tirar as manchas mais dif\u00edceis, inclusive as manchas secas e odores em diversos tipos de tecidos. Ele tamb\u00e9m amacia e aumenta a pot\u00eancia do sab\u00e3o em p\u00f3 ou l\u00edquido. Como b\u00f4nus, ele ajuda a manter limpa a sua m\u00e1quina de lavar.<\/p>\n<p>&nbsp;<\/p>\n","protected":false},"featured_media":1789,"comment_status":"open","ping_status":"closed","template":"","meta":[],"product_brand":[],"product_cat":[77,72,74,78],"product_tag":[89],"class_list":{"0":"post-1849","1":"product","2":"type-product","3":"status-publish","4":"has-post-thumbnail","6":"product_cat-limpeza","7":"product_cat-produto-quimico","8":"product_cat-textil","9":"product_cat-tinturaria-e-verniz","10":"product_tag-bicarbonato-de-sodio-sustentavel-branqueamento-de-roupas","11":"product_shipping_class-log","13":"first","14":"instock","15":"sale","16":"featured","17":"taxable","18":"shipping-taxable","19":"purchasable","20":"product-type-simple"},"_links":{"self":[{"href":"https:\/\/www.evend.com.br\/revenda\/wp-json\/wp\/v2\/product\/1849","targetHints":{"allow":["GET"]}}],"collection":[{"href":"https:\/\/www.evend.com.br\/revenda\/wp-json\/wp\/v2\/product"}],"about":[{"href":"https:\/\/www.evend.com.br\/revenda\/wp-json\/wp\/v2\/types\/product"}],"replies":[{"embeddable":true,"href":"https:\/\/www.evend.com.br\/revenda\/wp-json\/wp\/v2\/comments?post=1849"}],"wp:featuredmedia":[{"embeddable":true,"href":"https:\/\/www.evend.com.br\/revenda\/wp-json\/wp\/v2\/media\/1789"}],"wp:attachment":[{"href":"https:\/\/www.evend.com.br\/revenda\/wp-json\/wp\/v2\/media?parent=1849"}],"wp:term":[{"taxonomy":"product_brand","embeddable":true,"href":"https:\/\/www.evend.com.br\/revenda\/wp-json\/wp\/v2\/product_brand?post=1849"},{"taxonomy":"product_cat","embeddable":true,"href":"https:\/\/www.evend.com.br\/revenda\/wp-json\/wp\/v2\/product_cat?post=1849"},{"taxonomy":"product_tag","embeddable":true,"href":"https:\/\/www.evend.com.br\/revenda\/wp-json\/wp\/v2\/product_tag?post=1849"}],"curies":[{"name":"wp","href":"https:\/\/api.w.org\/{rel}","templated":true}]}}