{"id":1854,"date":"2023-09-18T15:22:10","date_gmt":"2023-09-18T18:22:10","guid":{"rendered":"http:\/\/sh-pro122.teste.website\/~evendc75\/revenda\/?post_type=product&#038;p=1854"},"modified":"2023-09-18T15:49:01","modified_gmt":"2023-09-18T18:49:01","slug":"bicarbonato-de-sodio-sustentavel-500mg-linha-alimenticia-caixa-com-24-unidades-e-frete-gratis-para-a-grande-sao-paulo-e-entrega-em-24-horas","status":"publish","type":"product","link":"https:\/\/www.evend.com.br\/revenda\/produto\/bicarbonato-de-sodio-sustentavel-500mg-linha-alimenticia-caixa-com-24-unidades-e-frete-gratis-para-a-grande-sao-paulo-e-entrega-em-24-horas\/","title":{"rendered":"Bicarbonato de S\u00f3dio Sustent\u00e1vel 500g Linha Aliment\u00edcia Caixa com 24 unidades e Frete gr\u00e1tis para a Grande S\u00e3o Paulo e entrega em 24 horas"},"content":{"rendered":"<p>Culin\u00e1ria e gastronomia. Usado no preparo de bolos e biscoitos em geral e nas mais diversas aplica\u00e7\u00f5es da culin\u00e1ria.<\/p>\n","protected":false},"excerpt":{"rendered":"<p>O bicarbonato de s\u00f3dio culin\u00e1rio Tio Bonato pode ser utilizado na prepara\u00e7\u00e3o de biscoitos, amaciar carnes, manter os vegetais cozidos com cor mais viva e tamb\u00e9m para redu\u00e7\u00e3o de gases em alimentos, tipo feij\u00e3o.<\/p>\n","protected":false},"featured_media":1799,"comment_status":"open","ping_status":"closed","template":"","meta":[],"product_brand":[],"product_cat":[68,70],"product_tag":[90],"class_list":{"0":"post-1854","1":"product","2":"type-product","3":"status-publish","4":"has-post-thumbnail","6":"product_cat-alimenticio","7":"product_cat-racao-animal","8":"product_tag-bicarbonato-de-sodio-sustentavel-alimenticio","9":"product_shipping_class-log","11":"first","12":"instock","13":"sale","14":"featured","15":"taxable","16":"shipping-taxable","17":"purchasable","18":"product-type-simple"},"_links":{"self":[{"href":"https:\/\/www.evend.com.br\/revenda\/wp-json\/wp\/v2\/product\/1854","targetHints":{"allow":["GET"]}}],"collection":[{"href":"https:\/\/www.evend.com.br\/revenda\/wp-json\/wp\/v2\/product"}],"about":[{"href":"https:\/\/www.evend.com.br\/revenda\/wp-json\/wp\/v2\/types\/product"}],"replies":[{"embeddable":true,"href":"https:\/\/www.evend.com.br\/revenda\/wp-json\/wp\/v2\/comments?post=1854"}],"wp:featuredmedia":[{"embeddable":true,"href":"https:\/\/www.evend.com.br\/revenda\/wp-json\/wp\/v2\/media\/1799"}],"wp:attachment":[{"href":"https:\/\/www.evend.com.br\/revenda\/wp-json\/wp\/v2\/media?parent=1854"}],"wp:term":[{"taxonomy":"product_brand","embeddable":true,"href":"https:\/\/www.evend.com.br\/revenda\/wp-json\/wp\/v2\/product_brand?post=1854"},{"taxonomy":"product_cat","embeddable":true,"href":"https:\/\/www.evend.com.br\/revenda\/wp-json\/wp\/v2\/product_cat?post=1854"},{"taxonomy":"product_tag","embeddable":true,"href":"https:\/\/www.evend.com.br\/revenda\/wp-json\/wp\/v2\/product_tag?post=1854"}],"curies":[{"name":"wp","href":"https:\/\/api.w.org\/{rel}","templated":true}]}}