{"id":1859,"date":"2023-09-18T15:37:42","date_gmt":"2023-09-18T18:37:42","guid":{"rendered":"http:\/\/sh-pro122.teste.website\/~evendc75\/revenda\/?post_type=product&#038;p=1859"},"modified":"2024-02-21T18:06:04","modified_gmt":"2024-02-21T21:06:04","slug":"fermento-em-po-sustentavel-cresce-mais-100mg-kit-caixa-com-36-unidades-e-frete-gratis-para-grande-sao-paulo-e-entrega-em-24-horas","status":"publish","type":"product","link":"https:\/\/www.evend.com.br\/revenda\/produto\/fermento-em-po-sustentavel-cresce-mais-100mg-kit-caixa-com-36-unidades-e-frete-gratis-para-grande-sao-paulo-e-entrega-em-24-horas\/","title":{"rendered":"Fermento em p\u00f3 Sustent\u00e1vel Cresce Mais 100g Kit Caixa com 36 unidades e frete gr\u00e1tis para Grande S\u00e3o Paulo e entrega em 24 horas"},"content":{"rendered":"<p>Fermento qu\u00edmico em p\u00f3 Sustent\u00e1vel para bolos tortas biscoitos e receitas em geral.<\/p>\n","protected":false},"excerpt":{"rendered":"<p>O fermento Tio Bonato \u00e9 um produto\u00a0 Sustent\u00e1vel\u00a0 sin\u00f4nimo de qualidade. A marca traz por meio de seus produtos, tradi\u00e7\u00e3o e sabor. O fermento em p\u00f3 Tio Bonato \u00e9 feito com ingredientes selecionados para garantir o sucesso de suas receitas. Item indispens\u00e1vel em qualquer cozinha, o fermento \u00e9 essencial para o preparo de bolos, tortas, biscoitos entre outras receitas.<\/p>\n<p>&nbsp;<\/p>\n","protected":false},"featured_media":1801,"comment_status":"open","ping_status":"closed","template":"","meta":[],"product_brand":[],"product_cat":[68],"product_tag":[91],"class_list":{"0":"post-1859","1":"product","2":"type-product","3":"status-publish","4":"has-post-thumbnail","6":"product_cat-alimenticio","7":"product_tag-fermento-em-po-sustentavel","8":"product_shipping_class-log","10":"first","11":"instock","12":"sale","13":"featured","14":"taxable","15":"shipping-taxable","16":"purchasable","17":"product-type-simple"},"_links":{"self":[{"href":"https:\/\/www.evend.com.br\/revenda\/wp-json\/wp\/v2\/product\/1859","targetHints":{"allow":["GET"]}}],"collection":[{"href":"https:\/\/www.evend.com.br\/revenda\/wp-json\/wp\/v2\/product"}],"about":[{"href":"https:\/\/www.evend.com.br\/revenda\/wp-json\/wp\/v2\/types\/product"}],"replies":[{"embeddable":true,"href":"https:\/\/www.evend.com.br\/revenda\/wp-json\/wp\/v2\/comments?post=1859"}],"wp:featuredmedia":[{"embeddable":true,"href":"https:\/\/www.evend.com.br\/revenda\/wp-json\/wp\/v2\/media\/1801"}],"wp:attachment":[{"href":"https:\/\/www.evend.com.br\/revenda\/wp-json\/wp\/v2\/media?parent=1859"}],"wp:term":[{"taxonomy":"product_brand","embeddable":true,"href":"https:\/\/www.evend.com.br\/revenda\/wp-json\/wp\/v2\/product_brand?post=1859"},{"taxonomy":"product_cat","embeddable":true,"href":"https:\/\/www.evend.com.br\/revenda\/wp-json\/wp\/v2\/product_cat?post=1859"},{"taxonomy":"product_tag","embeddable":true,"href":"https:\/\/www.evend.com.br\/revenda\/wp-json\/wp\/v2\/product_tag?post=1859"}],"curies":[{"name":"wp","href":"https:\/\/api.w.org\/{rel}","templated":true}]}}