{"id":1874,"date":"2023-09-18T17:20:37","date_gmt":"2023-09-18T20:20:37","guid":{"rendered":"http:\/\/sh-pro122.teste.website\/~evendc75\/revenda\/?post_type=product&#038;p=1874"},"modified":"2023-09-18T17:22:39","modified_gmt":"2023-09-18T20:22:39","slug":"rejuntex-1-litro-limpa-rejuntes-e-pisos-frios-caixa-com-15-unidades-frete-gratis-para-grande-sao-paulo-e-entrega-em-24-horas","status":"publish","type":"product","link":"https:\/\/www.evend.com.br\/revenda\/produto\/rejuntex-1-litro-limpa-rejuntes-e-pisos-frios-caixa-com-15-unidades-frete-gratis-para-grande-sao-paulo-e-entrega-em-24-horas\/","title":{"rendered":"Rejuntex 1 Litro Limpa rejuntes e pisos frios. Caixa com 15 unidades Frete gr\u00e1tis para Grande S\u00e3o Paulo e entrega em 24 horas"},"content":{"rendered":"<p>Limpa rejuntes e Pisos frios.<\/p>\n","protected":false},"excerpt":{"rendered":"<p>Excelente para limpeza de rejuntes e de pisos frios em geral e em especial para limpeza de boxes de banheiros entre outros locais.<\/p>\n<p>Dilui\u00e7\u00e3o: at\u00e9 1 para 5 ou seja 1 litro de rejuntex podem ser diluidos em at\u00e9 5 litros de \u00e1gua.<\/p>\n<p>Embalagem: 1 Litro<\/p>\n","protected":false},"featured_media":1867,"comment_status":"open","ping_status":"closed","template":"","meta":[],"product_brand":[],"product_cat":[69,77,72,36,15],"product_tag":[92],"class_list":{"0":"post-1874","1":"product","2":"type-product","3":"status-publish","4":"has-post-thumbnail","6":"product_cat-industrial","7":"product_cat-limpeza","8":"product_cat-produto-quimico","9":"product_cat-produtos-de-limpeza-e-polimento","10":"product_cat-sem-categoria","11":"product_tag-rejuntex-limpa-pisos-e-azulejos","12":"product_shipping_class-log","14":"first","15":"instock","16":"sale","17":"taxable","18":"shipping-taxable","19":"purchasable","20":"product-type-simple"},"_links":{"self":[{"href":"https:\/\/www.evend.com.br\/revenda\/wp-json\/wp\/v2\/product\/1874","targetHints":{"allow":["GET"]}}],"collection":[{"href":"https:\/\/www.evend.com.br\/revenda\/wp-json\/wp\/v2\/product"}],"about":[{"href":"https:\/\/www.evend.com.br\/revenda\/wp-json\/wp\/v2\/types\/product"}],"replies":[{"embeddable":true,"href":"https:\/\/www.evend.com.br\/revenda\/wp-json\/wp\/v2\/comments?post=1874"}],"wp:featuredmedia":[{"embeddable":true,"href":"https:\/\/www.evend.com.br\/revenda\/wp-json\/wp\/v2\/media\/1867"}],"wp:attachment":[{"href":"https:\/\/www.evend.com.br\/revenda\/wp-json\/wp\/v2\/media?parent=1874"}],"wp:term":[{"taxonomy":"product_brand","embeddable":true,"href":"https:\/\/www.evend.com.br\/revenda\/wp-json\/wp\/v2\/product_brand?post=1874"},{"taxonomy":"product_cat","embeddable":true,"href":"https:\/\/www.evend.com.br\/revenda\/wp-json\/wp\/v2\/product_cat?post=1874"},{"taxonomy":"product_tag","embeddable":true,"href":"https:\/\/www.evend.com.br\/revenda\/wp-json\/wp\/v2\/product_tag?post=1874"}],"curies":[{"name":"wp","href":"https:\/\/api.w.org\/{rel}","templated":true}]}}