{"id":1891,"date":"2023-09-18T18:03:16","date_gmt":"2023-09-18T21:03:16","guid":{"rendered":"http:\/\/sh-pro122.teste.website\/~evendc75\/revenda\/?post_type=product&#038;p=1891"},"modified":"2023-09-18T18:05:51","modified_gmt":"2023-09-18T21:05:51","slug":"kryptonita-limpa-pedras-2-litros-caixa-com-15-unidades-e-frete-gratis-para-grande-sao-paulo-e-entrega-em-24-horas","status":"publish","type":"product","link":"https:\/\/www.evend.com.br\/revenda\/produto\/kryptonita-limpa-pedras-2-litros-caixa-com-15-unidades-e-frete-gratis-para-grande-sao-paulo-e-entrega-em-24-horas\/","title":{"rendered":"Kryptonita Limpa Pedras 2 Litros. Caixa com 15 unidades e Frete gr\u00e1tis para Grande S\u00e3o Paulo e entrega em 24 horas"},"content":{"rendered":"<p>Limpa Pedras<\/p>\n<p>&nbsp;<\/p>\n","protected":false},"excerpt":{"rendered":"<p>Limpa Pedras<\/p>\n<p>Dilui\u00e7\u00e3o at\u00e9 1 para 20 ou seja, com 1 Litro de Kryptonita o rendimento \u00e9 de at\u00e9 20 litros, dependendo do grau de sujeira.<\/p>\n","protected":false},"featured_media":1886,"comment_status":"open","ping_status":"closed","template":"","meta":[],"product_brand":[],"product_cat":[69,77,72,36,15],"product_tag":[94],"class_list":{"0":"post-1891","1":"product","2":"type-product","3":"status-publish","4":"has-post-thumbnail","6":"product_cat-industrial","7":"product_cat-limpeza","8":"product_cat-produto-quimico","9":"product_cat-produtos-de-limpeza-e-polimento","10":"product_cat-sem-categoria","11":"product_tag-limpa-pedras","12":"product_shipping_class-log","14":"first","15":"instock","16":"sale","17":"taxable","18":"shipping-taxable","19":"purchasable","20":"product-type-simple"},"_links":{"self":[{"href":"https:\/\/www.evend.com.br\/revenda\/wp-json\/wp\/v2\/product\/1891","targetHints":{"allow":["GET"]}}],"collection":[{"href":"https:\/\/www.evend.com.br\/revenda\/wp-json\/wp\/v2\/product"}],"about":[{"href":"https:\/\/www.evend.com.br\/revenda\/wp-json\/wp\/v2\/types\/product"}],"replies":[{"embeddable":true,"href":"https:\/\/www.evend.com.br\/revenda\/wp-json\/wp\/v2\/comments?post=1891"}],"wp:featuredmedia":[{"embeddable":true,"href":"https:\/\/www.evend.com.br\/revenda\/wp-json\/wp\/v2\/media\/1886"}],"wp:attachment":[{"href":"https:\/\/www.evend.com.br\/revenda\/wp-json\/wp\/v2\/media?parent=1891"}],"wp:term":[{"taxonomy":"product_brand","embeddable":true,"href":"https:\/\/www.evend.com.br\/revenda\/wp-json\/wp\/v2\/product_brand?post=1891"},{"taxonomy":"product_cat","embeddable":true,"href":"https:\/\/www.evend.com.br\/revenda\/wp-json\/wp\/v2\/product_cat?post=1891"},{"taxonomy":"product_tag","embeddable":true,"href":"https:\/\/www.evend.com.br\/revenda\/wp-json\/wp\/v2\/product_tag?post=1891"}],"curies":[{"name":"wp","href":"https:\/\/api.w.org\/{rel}","templated":true}]}}