{"id":1899,"date":"2023-09-18T20:01:40","date_gmt":"2023-09-18T23:01:40","guid":{"rendered":"http:\/\/sh-pro122.teste.website\/~evendc75\/revenda\/?post_type=product&#038;p=1899"},"modified":"2023-09-18T20:04:39","modified_gmt":"2023-09-18T23:04:39","slug":"limpador-perfumado-encantos-inverno-1-litro-caixa-com-15-unidades-e-frete-gratis-na-grande-sao-paulo-e-entrega-em-24-horas","status":"publish","type":"product","link":"https:\/\/www.evend.com.br\/revenda\/produto\/limpador-perfumado-encantos-inverno-1-litro-caixa-com-15-unidades-e-frete-gratis-na-grande-sao-paulo-e-entrega-em-24-horas\/","title":{"rendered":"Limpador Perfumado Encantos Inverno 1 Litro. Caixa com 15 unidades e Frete gr\u00e1tis na Grande S\u00e3o Paulo e entrega em 24 horas"},"content":{"rendered":"<p>Limpador Perfumado.<\/p>\n","protected":false},"excerpt":{"rendered":"<p>Limpa e perfuma a sua casa e demais ambientes deixando um cheiro suave de limpeza.<\/p>\n<p>Vers\u00e3o: Inverno<\/p>\n<p>Dilui\u00e7\u00e3o 100 mL para at\u00e9 2 Litros ou seja, 2 litros de produto rendem at\u00e9 40 Litros.<\/p>\n","protected":false},"featured_media":1894,"comment_status":"open","ping_status":"closed","template":"","meta":[],"product_brand":[],"product_cat":[69,77,72,36],"product_tag":[95],"class_list":{"0":"post-1899","1":"product","2":"type-product","3":"status-publish","4":"has-post-thumbnail","6":"product_cat-industrial","7":"product_cat-limpeza","8":"product_cat-produto-quimico","9":"product_cat-produtos-de-limpeza-e-polimento","10":"product_tag-limpador-perfumado","11":"product_shipping_class-log","13":"first","14":"instock","15":"sale","16":"taxable","17":"shipping-taxable","18":"purchasable","19":"product-type-simple"},"_links":{"self":[{"href":"https:\/\/www.evend.com.br\/revenda\/wp-json\/wp\/v2\/product\/1899","targetHints":{"allow":["GET"]}}],"collection":[{"href":"https:\/\/www.evend.com.br\/revenda\/wp-json\/wp\/v2\/product"}],"about":[{"href":"https:\/\/www.evend.com.br\/revenda\/wp-json\/wp\/v2\/types\/product"}],"replies":[{"embeddable":true,"href":"https:\/\/www.evend.com.br\/revenda\/wp-json\/wp\/v2\/comments?post=1899"}],"wp:featuredmedia":[{"embeddable":true,"href":"https:\/\/www.evend.com.br\/revenda\/wp-json\/wp\/v2\/media\/1894"}],"wp:attachment":[{"href":"https:\/\/www.evend.com.br\/revenda\/wp-json\/wp\/v2\/media?parent=1899"}],"wp:term":[{"taxonomy":"product_brand","embeddable":true,"href":"https:\/\/www.evend.com.br\/revenda\/wp-json\/wp\/v2\/product_brand?post=1899"},{"taxonomy":"product_cat","embeddable":true,"href":"https:\/\/www.evend.com.br\/revenda\/wp-json\/wp\/v2\/product_cat?post=1899"},{"taxonomy":"product_tag","embeddable":true,"href":"https:\/\/www.evend.com.br\/revenda\/wp-json\/wp\/v2\/product_tag?post=1899"}],"curies":[{"name":"wp","href":"https:\/\/api.w.org\/{rel}","templated":true}]}}