{"id":1941,"date":"2024-08-16T11:26:37","date_gmt":"2024-08-16T14:26:37","guid":{"rendered":"https:\/\/www.evend.com.br\/revenda\/?post_type=product&#038;p=1941"},"modified":"2024-08-16T11:26:37","modified_gmt":"2024-08-16T14:26:37","slug":"ureia-granular-46","status":"publish","type":"product","link":"https:\/\/www.evend.com.br\/revenda\/produto\/ureia-granular-46\/","title":{"rendered":"Ureia granular 46%"},"content":{"rendered":"<p><strong>UREA GRANULAR 46%<\/strong><\/p>\n<p><strong>NCM:<\/strong> 3102.10.10<\/p>\n<p><strong>Nome Comercial:<\/strong> Ur\u00e9ia Granular<\/p>\n<p><strong>Sin\u00f4nimos:<\/strong> Resina de carbamida; Isour\u00e9ia; Carbonildiamida; Carbonildiamina<\/p>\n<p><strong>F\u00f3rmula Qu\u00edmica:<\/strong> NH\u2082CONH\u2082<\/p>\n<p><strong>N\u00famero CAS:<\/strong> 57-13-6<\/p>\n<p><strong>Apar\u00eancia e odor:<\/strong> S\u00f3lido granular branco com odor de am\u00f4nia<\/p>\n<p><strong>Peso molecular:<\/strong> 60,06 g\/mol<\/p>\n<p><strong>Ponto de fus\u00e3o:<\/strong> Decomp\u00f5e-se parcialmente a 135\u00b0C (275\u00b0F)<\/p>\n<p><strong>Solubilidade em \u00e1gua:<\/strong> 100%<\/p>\n<p><strong>Gravidade espec\u00edfica:<\/strong> 1,335<\/p>\n<p><strong>Composi\u00e7\u00e3o:<\/strong><\/p>\n<ul>\n<li><strong>NITROG\u00caNIO (N):<\/strong> 46% em peso, m\u00ednimo<\/li>\n<li><strong>BIURETO:<\/strong> 1,00% em peso<\/li>\n<li><strong>UMIDADE:<\/strong> 0,5% em peso, m\u00e1ximo<\/li>\n<li><strong>FORMALDE\u00cdDO (GAMA):<\/strong> 0,27% &#8211; 0,55%<\/li>\n<\/ul>\n<p><strong>Granulometria:<\/strong><\/p>\n<ul>\n<li><strong>M.O.A.F.C (I) Granulometria (Part\u00edculas Passantes)<\/strong><\/li>\n<li><strong>Tyler 4 (4,80 mm):<\/strong> 100%<\/li>\n<li><strong>Tyler 9 (2,0 mm):<\/strong> 90% &#8211; 100%<\/li>\n<li><strong>Tyler 16 (1,00 mm):<\/strong> 0% &#8211; 5%<\/li>\n<\/ul>\n<p>&nbsp;<\/p>\n<p><strong>Estabilidade e reatividade:<\/strong><\/p>\n<p>A ur\u00e9ia granular \u00e9 um produto est\u00e1vel sob condi\u00e7\u00f5es normais de manuseio e armazenamento. Pode decompor-se quando aquecida acima de seu ponto de fus\u00e3o. \u00c9 compat\u00edvel com a maioria dos fertilizantes, mas deve ser armazenada separadamente de subst\u00e2ncias \u00e1cidas para evitar rea\u00e7\u00f5es indesejadas.<\/p>\n<p><strong>Aplica\u00e7\u00f5es e benef\u00edcios:<\/strong><\/p>\n<p>A ur\u00e9ia granular \u00e9 amplamente utilizada como fonte de nitrog\u00eanio para fertiliza\u00e7\u00e3o de culturas agr\u00edcolas. Sua forma granular permite uma aplica\u00e7\u00e3o precisa e uniforme no solo, promovendo um crescimento saud\u00e1vel e eficiente das plantas. A libera\u00e7\u00e3o controlada de nitrog\u00eanio ajuda a minimizar perdas por volatiliza\u00e7\u00e3o, aumentando assim a efici\u00eancia do fertilizante.<\/p>\n<p>&nbsp;<\/p>\n","protected":false},"excerpt":{"rendered":"<p>UREA GRANULAR 46% NCM: 3102.10.10 Nome Comercial: Ur\u00e9ia Granular Sin\u00f4nimos: Resina de carbamida; Isour\u00e9ia; Carbonildiamida; Carbonildiamina F\u00f3rmula Qu\u00edmica: NH\u2082CONH\u2082 N\u00famero CAS: 57-13-6 Apar\u00eancia e odor: S\u00f3lido granular branco com odor de am\u00f4nia Peso molecular: 60,06 g\/mol Ponto de fus\u00e3o: Decomp\u00f5e-se parcialmente a 135\u00b0C (275\u00b0F) Solubilidade em \u00e1gua: 100% Gravidade espec\u00edfica: 1,335 Composi\u00e7\u00e3o: NITROG\u00caNIO (N): 46% [&hellip;]<\/p>\n","protected":false},"featured_media":1942,"comment_status":"open","ping_status":"closed","template":"","meta":[],"product_brand":[],"product_cat":[73,72],"product_tag":[],"class_list":{"0":"post-1941","1":"product","2":"type-product","3":"status-publish","4":"has-post-thumbnail","6":"product_cat-agricola","7":"product_cat-produto-quimico","9":"first","10":"onbackorder","11":"taxable","12":"shipping-taxable","13":"product-type-simple"},"_links":{"self":[{"href":"https:\/\/www.evend.com.br\/revenda\/wp-json\/wp\/v2\/product\/1941","targetHints":{"allow":["GET"]}}],"collection":[{"href":"https:\/\/www.evend.com.br\/revenda\/wp-json\/wp\/v2\/product"}],"about":[{"href":"https:\/\/www.evend.com.br\/revenda\/wp-json\/wp\/v2\/types\/product"}],"replies":[{"embeddable":true,"href":"https:\/\/www.evend.com.br\/revenda\/wp-json\/wp\/v2\/comments?post=1941"}],"wp:featuredmedia":[{"embeddable":true,"href":"https:\/\/www.evend.com.br\/revenda\/wp-json\/wp\/v2\/media\/1942"}],"wp:attachment":[{"href":"https:\/\/www.evend.com.br\/revenda\/wp-json\/wp\/v2\/media?parent=1941"}],"wp:term":[{"taxonomy":"product_brand","embeddable":true,"href":"https:\/\/www.evend.com.br\/revenda\/wp-json\/wp\/v2\/product_brand?post=1941"},{"taxonomy":"product_cat","embeddable":true,"href":"https:\/\/www.evend.com.br\/revenda\/wp-json\/wp\/v2\/product_cat?post=1941"},{"taxonomy":"product_tag","embeddable":true,"href":"https:\/\/www.evend.com.br\/revenda\/wp-json\/wp\/v2\/product_tag?post=1941"}],"curies":[{"name":"wp","href":"https:\/\/api.w.org\/{rel}","templated":true}]}}