{"id":1956,"date":"2024-08-23T17:15:13","date_gmt":"2024-08-23T20:15:13","guid":{"rendered":"https:\/\/www.evend.com.br\/revenda\/?post_type=product&#038;p=1956"},"modified":"2024-08-23T17:15:13","modified_gmt":"2024-08-23T20:15:13","slug":"acucar-vhp-600-1200","status":"publish","type":"product","link":"https:\/\/www.evend.com.br\/revenda\/produto\/acucar-vhp-600-1200\/","title":{"rendered":"A\u00e7\u00facar VHP 600\/1200"},"content":{"rendered":"<p><strong>A<\/strong><strong>\u00c7\u00daCAR VHP 600\/1200<\/strong><strong>\u00a0<\/strong><\/p>\n<p><strong>NCM:<\/strong> 1701.99.00 (A\u00e7\u00facar n\u00e3o especificado em outra posi\u00e7\u00e3o)<\/p>\n<p><strong>Nome Comercial:<\/strong> A\u00e7\u00facar VHP 600\/1200<\/p>\n<p><strong>Sin\u00f4nimos:<\/strong> VHP (Very High Polarization) Sugar<\/p>\n<p><strong>F\u00f3rmula Qu\u00edmica:<\/strong> C\u2081\u2082H\u2082\u2082O\u2081\u2081<\/p>\n<p><strong>N\u00famero CAS:<\/strong> 57-50-1<\/p>\n<p><strong>Apar\u00eancia e odor:<\/strong> Cristais brancos, inodoro<\/p>\n<p><strong>Peso molecular:<\/strong> 342,30 g\/mol<\/p>\n<p><strong>Ponto de fus\u00e3o:<\/strong> 160-186\u00b0C (320-367\u00b0F)<\/p>\n<p><strong>Solubilidade em \u00e1gua:<\/strong> Sol\u00favel<\/p>\n<p><strong>Gravidade espec\u00edfica:<\/strong> 1,587 g\/cm\u00b3<\/p>\n<p><strong>Composi\u00e7\u00e3o:<\/strong><\/p>\n<ul>\n<li>Sacarose: 99,9% em peso, m\u00ednimo<\/li>\n<li>Umidade: 0,06% em peso, m\u00e1ximo<\/li>\n<li>Cinzas: 0,04% em peso, m\u00e1ximo<\/li>\n<\/ul>\n<p><strong>Granulometria:<\/strong><\/p>\n<ul>\n<li>Cristais finos<\/li>\n<\/ul>\n<p><strong>Estabilidade e reatividade:<\/strong><\/p>\n<p>O a\u00e7\u00facar VHP 600\/1200 \u00e9 est\u00e1vel sob condi\u00e7\u00f5es normais de manuseio e armazenamento. N\u00e3o apresenta reatividade significativa com outros produtos qu\u00edmicos comuns.<\/p>\n<p><strong>Aplica\u00e7\u00f5es e benef\u00edcios:<\/strong><\/p>\n<p>O a\u00e7\u00facar VHP 600\/1200 \u00e9 utilizado principalmente na ind\u00fastria aliment\u00edcia, especialmente na produ\u00e7\u00e3o de alimentos refinados e bebidas. \u00c9 conhecido por sua alta polariza\u00e7\u00e3o, o que o torna ideal para processos industriais que requerem um alto grau de pureza e qualidade. Sua solubilidade em \u00e1gua facilita sua aplica\u00e7\u00e3o em diversas formula\u00e7\u00f5es.<\/p>\n","protected":false},"excerpt":{"rendered":"<p>A\u00c7\u00daCAR VHP 600\/1200\u00a0 NCM: 1701.99.00 (A\u00e7\u00facar n\u00e3o especificado em outra posi\u00e7\u00e3o) Nome Comercial: A\u00e7\u00facar VHP 600\/1200 Sin\u00f4nimos: VHP (Very High Polarization) Sugar F\u00f3rmula Qu\u00edmica: C\u2081\u2082H\u2082\u2082O\u2081\u2081 N\u00famero CAS: 57-50-1 Apar\u00eancia e odor: Cristais brancos, inodoro Peso molecular: 342,30 g\/mol Ponto de fus\u00e3o: 160-186\u00b0C (320-367\u00b0F) Solubilidade em \u00e1gua: Sol\u00favel Gravidade espec\u00edfica: 1,587 g\/cm\u00b3 Composi\u00e7\u00e3o: Sacarose: 99,9% em [&hellip;]<\/p>\n","protected":false},"featured_media":1957,"comment_status":"open","ping_status":"closed","template":"","meta":[],"product_brand":[],"product_cat":[73,68],"product_tag":[],"class_list":{"0":"post-1956","1":"product","2":"type-product","3":"status-publish","4":"has-post-thumbnail","6":"product_cat-agricola","7":"product_cat-alimenticio","9":"first","10":"onbackorder","11":"taxable","12":"shipping-taxable","13":"product-type-simple"},"_links":{"self":[{"href":"https:\/\/www.evend.com.br\/revenda\/wp-json\/wp\/v2\/product\/1956","targetHints":{"allow":["GET"]}}],"collection":[{"href":"https:\/\/www.evend.com.br\/revenda\/wp-json\/wp\/v2\/product"}],"about":[{"href":"https:\/\/www.evend.com.br\/revenda\/wp-json\/wp\/v2\/types\/product"}],"replies":[{"embeddable":true,"href":"https:\/\/www.evend.com.br\/revenda\/wp-json\/wp\/v2\/comments?post=1956"}],"wp:featuredmedia":[{"embeddable":true,"href":"https:\/\/www.evend.com.br\/revenda\/wp-json\/wp\/v2\/media\/1957"}],"wp:attachment":[{"href":"https:\/\/www.evend.com.br\/revenda\/wp-json\/wp\/v2\/media?parent=1956"}],"wp:term":[{"taxonomy":"product_brand","embeddable":true,"href":"https:\/\/www.evend.com.br\/revenda\/wp-json\/wp\/v2\/product_brand?post=1956"},{"taxonomy":"product_cat","embeddable":true,"href":"https:\/\/www.evend.com.br\/revenda\/wp-json\/wp\/v2\/product_cat?post=1956"},{"taxonomy":"product_tag","embeddable":true,"href":"https:\/\/www.evend.com.br\/revenda\/wp-json\/wp\/v2\/product_tag?post=1956"}],"curies":[{"name":"wp","href":"https:\/\/api.w.org\/{rel}","templated":true}]}}